{"id":346,"date":"2022-01-13T02:53:18","date_gmt":"2022-01-13T02:53:18","guid":{"rendered":"https:\/\/soledaddemo.pencidesign.net\/soledad-modern-tech\/?page_id=346"},"modified":"2023-10-22T19:33:04","modified_gmt":"2023-10-22T19:33:04","slug":"uber-uns","status":"publish","type":"page","link":"https:\/\/vrpornbaron.com\/de\/uber-uns\/","title":{"rendered":"\u00dcber uns"},"content":{"rendered":"<div data-elementor-type=\"wp-page\" data-elementor-id=\"346\" class=\"elementor elementor-346\" data-elementor-post-type=\"page\">\n\t\t\t\t\t\t<section class=\"penci-section penci-dmcheck penci-elbg-activate penci-disSticky penci-structure-10 elementor-section elementor-top-section elementor-element elementor-element-ebd08c9 elementor-section-boxed elementor-section-height-default elementor-section-height-default\" data-id=\"ebd08c9\" data-element_type=\"section\" data-e-type=\"section\" data-settings=\"{&quot;background_background&quot;:&quot;classic&quot;}\">\n\t\t\t\t\t\t<div class=\"elementor-container elementor-column-gap-no\">\n\t\t\t\t\t<div class=\"penci-ercol-100 penci-ercol-order-1 penci-sticky-ct    elementor-column elementor-col-100 elementor-top-column elementor-element elementor-element-03aeed6\" data-id=\"03aeed6\" data-element_type=\"column\" data-e-type=\"column\">\n\t\t\t<div class=\"elementor-widget-wrap elementor-element-populated\">\n\t\t\t\t\t\t<div class=\"elementor-element elementor-element-9ceb08e elementor-widget elementor-widget-penci-fancy_heading\" data-id=\"9ceb08e\" data-element_type=\"widget\" data-e-type=\"widget\" data-widget_type=\"penci-fancy_heading.default\">\n\t\t\t\t<div class=\"elementor-widget-container\">\n\t\t\t\t\t\t\t<div class=\"penci-fancy-heading penci-heading-text-center\">\n\t\t\t<div class=\"penci-fancy-heading-inner\">\n\t\t\t\t<h2 class=\"penci-heading-title\"><span class=\"inner-tit\">\u00dcber uns<\/span><\/h2>\t\t\t<\/div>\n\t\t<\/div>\n\t\t\t\t\t\t<\/div>\n\t\t\t\t<\/div>\n\t\t\t\t\t<\/div>\n\t\t<\/div>\n\t\t\t\t\t<\/div>\n\t\t<\/section>\n\t\t\t\t<section class=\"penci-section penci-enSticky penci-structure-20 elementor-section elementor-top-section elementor-element elementor-element-2af881b elementor-section-boxed elementor-section-height-default elementor-section-height-default\" data-id=\"2af881b\" data-element_type=\"section\" data-e-type=\"section\">\n\t\t\t\t\t\t<div class=\"elementor-container elementor-column-gap-wide\">\n\t\t\t\t\t<div class=\"penci-ercol-50 penci-ercol-order-1 penci-sticky-ct    elementor-column elementor-col-50 elementor-top-column elementor-element elementor-element-945f82e\" data-id=\"945f82e\" data-element_type=\"column\" data-e-type=\"column\">\n\t\t\t<div class=\"elementor-widget-wrap elementor-element-populated\">\n\t\t\t\t\t\t<section class=\"penci-section penci-disSticky penci-structure-20 elementor-section elementor-inner-section elementor-element elementor-element-e9412be elementor-section-boxed elementor-section-height-default elementor-section-height-default\" data-id=\"e9412be\" data-element_type=\"section\" data-e-type=\"section\">\n\t\t\t\t\t\t<div class=\"elementor-container elementor-column-gap-default\">\n\t\t\t\t\t<div class=\"penci-ercol-50 penci-ercol-order-1 penci-sticky-ct    elementor-column elementor-col-50 elementor-inner-column elementor-element elementor-element-f9570f2\" data-id=\"f9570f2\" data-element_type=\"column\" data-e-type=\"column\">\n\t\t\t<div class=\"elementor-widget-wrap elementor-element-populated\">\n\t\t\t\t\t\t<div class=\"elementor-element elementor-element-9dc299a elementor-widget elementor-widget-image\" data-id=\"9dc299a\" data-element_type=\"widget\" data-e-type=\"widget\" data-widget_type=\"image.default\">\n\t\t\t\t<div class=\"elementor-widget-container\">\n\t\t\t\t\t\t\t\t\t\t\t\t\t\t\t<img decoding=\"async\" width=\"200\" height=\"200\" src=\"https:\/\/vrpornbaron.com\/wp-content\/uploads\/2021\/06\/the-vr-porn-baron.png\" class=\"attachment-large size-large wp-image-4420\" alt=\"\" srcset=\"https:\/\/vrpornbaron.com\/wp-content\/uploads\/2021\/06\/the-vr-porn-baron.png 200w, https:\/\/vrpornbaron.com\/wp-content\/uploads\/2021\/06\/the-vr-porn-baron-150x150.png 150w, https:\/\/vrpornbaron.com\/wp-content\/uploads\/2021\/06\/the-vr-porn-baron-192x192.png 192w, https:\/\/vrpornbaron.com\/wp-content\/uploads\/2021\/06\/the-vr-porn-baron-110x110.png 110w, https:\/\/vrpornbaron.com\/wp-content\/uploads\/2021\/06\/the-vr-porn-baron-48x48.png 48w, https:\/\/vrpornbaron.com\/wp-content\/uploads\/2021\/06\/the-vr-porn-baron-96x96.png 96w\" sizes=\"(max-width: 200px) 100vw, 200px\" \/>\t\t\t\t\t\t\t\t\t\t\t\t\t\t\t<\/div>\n\t\t\t\t<\/div>\n\t\t\t\t\t<\/div>\n\t\t<\/div>\n\t\t\t\t<div class=\"penci-ercol-50 penci-ercol-order-2 penci-sticky-ct    elementor-column elementor-col-50 elementor-inner-column elementor-element elementor-element-7711417\" data-id=\"7711417\" data-element_type=\"column\" data-e-type=\"column\">\n\t\t\t<div class=\"elementor-widget-wrap elementor-element-populated\">\n\t\t\t\t\t\t<div class=\"elementor-element elementor-element-d63ab03 elementor-widget elementor-widget-penci-text-block\" data-id=\"d63ab03\" data-element_type=\"widget\" data-e-type=\"widget\" data-widget_type=\"penci-text-block.default\">\n\t\t\t\t<div class=\"elementor-widget-container\">\n\t\t\t\t\t\t\t<div class=\"penci-block-vc penci-text-editor\">\n\t\t\t    <div class=\"penci-border-arrow penci-homepage-title penci-home-latest-posts style-7 pcalign-left pciconp-right pcicon-right block-title-icon-left\">\n        <h3 class=\"inner-arrow\">\n        <span>\n                    <span>Liebste Besucher,<\/a>                <\/span>\n        <\/h3>\n\t\t        <\/div>\n\t\t\t\t\t<div class=\"penci-block_content\">\n\t\t\t\t<div class=\"elementor-text-editor elementor-clearfix\"><p>Erlaube mir, dich, gesch\u00e4tzte G\u00e4ste des VR-Porno-Barons, auf das Feinste zu gr\u00fc\u00dfen. In diesen virtuellen W\u00e4nden begeben wir uns auf Abenteuer, die die Essenz der Fantasie mit den Wundern der Technologie vereinen. Stell dir das vor: Ein Ort, an dem die Realit\u00e4t die Maske der Fantasie tr\u00e4gt und jeder Klick, jedes Scrollen, ein Portal zu einem ebenso wunderbaren wie surrealen Universum \u00f6ffnet.<\/p><\/div>\n\t\t\t<\/div>\n\t\t<\/div>\n\t\t\t\t\t\t<\/div>\n\t\t\t\t<\/div>\n\t\t\t\t\t<\/div>\n\t\t<\/div>\n\t\t\t\t\t<\/div>\n\t\t<\/section>\n\t\t\t\t<div class=\"elementor-element elementor-element-b19ff41 elementor-widget elementor-widget-penci-text-block\" data-id=\"b19ff41\" data-element_type=\"widget\" data-e-type=\"widget\" data-widget_type=\"penci-text-block.default\">\n\t\t\t\t<div class=\"elementor-widget-container\">\n\t\t\t\t\t\t\t<div class=\"penci-block-vc penci-text-editor\">\n\t\t\t\t\t\t<div class=\"penci-block_content\">\n\t\t\t\t<div class=\"elementor-text-editor elementor-clearfix\"><p>Wir von The VR Porn Baron sind nicht nur Anbieter von virtueller Realit\u00e4t, sondern auch Architekten von Tr\u00e4umen, Ingenieure des Staunens und Kenner des Au\u00dfergew\u00f6hnlichen. Unser Team edler Enthusiasten hat eine unstillbare Neugier und erforscht die Weiten der VR mit der Hingabe eines Gelehrten und der Begeisterung eines Kindes in einem S\u00fc\u00dfwarenladen. <\/p><\/div>\n\t\t\t<\/div>\n\t\t<\/div>\n\t\t\t\t\t\t<\/div>\n\t\t\t\t<\/div>\n\t\t\t\t<div class=\"elementor-element elementor-element-e52fded elementor-widget elementor-widget-penci-text-block\" data-id=\"e52fded\" data-element_type=\"widget\" data-e-type=\"widget\" data-widget_type=\"penci-text-block.default\">\n\t\t\t\t<div class=\"elementor-widget-container\">\n\t\t\t\t\t\t\t<div class=\"penci-block-vc penci-text-editor\">\n\t\t\t\t\t\t<div class=\"penci-block_content\">\n\t\t\t\t<div class=\"elementor-text-editor elementor-clearfix\"><p>In unseren heiligen Hallen setzen wir unsere Gelehrtenh\u00fcte auf, um Artikel zu verfassen, die die Geheimnisse dieser faszinierenden Welt erhellen. Betrachte sie als Schriftrollen der Weisheit, die Wissen auf eine so fesselnde Art und Weise vermitteln, dass selbst die gelehrtesten K\u00f6pfe auf ihren virtuellen Seiten Spa\u00df haben. <\/p><\/div>\n\t\t\t<\/div>\n\t\t<\/div>\n\t\t\t\t\t\t<\/div>\n\t\t\t\t<\/div>\n\t\t\t\t<div class=\"elementor-element elementor-element-005f6bc elementor-widget elementor-widget-penci-text-block\" data-id=\"005f6bc\" data-element_type=\"widget\" data-e-type=\"widget\" data-widget_type=\"penci-text-block.default\">\n\t\t\t\t<div class=\"elementor-widget-container\">\n\t\t\t\t\t\t\t<div class=\"penci-block-vc penci-text-editor\">\n\t\t\t\t\t\t<div class=\"penci-block_content\">\n\t\t\t\t<div class=\"elementor-text-editor elementor-clearfix\"><p>Also, liebe Freunde, wenn ihr euch in den grenzenlosen digitalen Kosmos vorwagt, solltet ihr wissen, dass ihr nicht allein seid. Der VR-Porno-Baron und seine fr\u00f6hliche Bande virtueller Entdecker sind hier, um dich zu f\u00fchren, zu unterhalten und - was am wichtigsten ist - dich an die Magie des Virtuellen glauben zu lassen.<\/p><p>\u00a0<\/p><p><em>Mit gr\u00f6\u00dftem Vergn\u00fcgen und einer Prise Laune,<\/em><\/p><p><em>\u00a0<\/em><\/p><p><em><strong>Der VR-Porno-Baron und seine lustigen Gef\u00e4hrten<\/strong><\/em><\/p><div>\u00a0<\/div><div>\u00a0<\/div><\/div>\n\t\t\t<\/div>\n\t\t<\/div>\n\t\t\t\t\t\t<\/div>\n\t\t\t\t<\/div>\n\t\t\t\t\t<\/div>\n\t\t<\/div>\n\t\t\t\t<div class=\"penci-ercol-50 penci-ercol-order-3 penci-sticky-ct    elementor-column elementor-col-50 elementor-top-column elementor-element elementor-element-1a27dde\" data-id=\"1a27dde\" data-element_type=\"column\" data-e-type=\"column\">\n\t\t\t<div class=\"elementor-widget-wrap elementor-element-populated\">\n\t\t\t\t\t\t<div class=\"elementor-element elementor-element-61a864a elementor-widget elementor-widget-penci-sidebar\" data-id=\"61a864a\" data-element_type=\"widget\" data-e-type=\"widget\" data-widget_type=\"penci-sidebar.default\">\n\t\t\t\t<div class=\"elementor-widget-container\">\n\t\t\t\t\t\n        <div id=\"sidebar\"\n             class=\"penci-sidebar-content penci-sidebar-content-vc style-7 pcalign-left  pciconp-right pcicon-right\">\n            <div class=\"theiaStickySidebar\">\n\t\t\t\t<aside id=\"search-2\" class=\"widget widget_search\"><form role=\"search\" method=\"get\" class=\"pc-searchform\" action=\"https:\/\/vrpornbaron.com\/de\/\" data-trp-original-action=\"https:\/\/vrpornbaron.com\/de\/\">\n    <div class=\"pc-searchform-inner\">\n        <input type=\"text\" class=\"search-input\"\n               placeholder=\"Tippe und dr\u00fccke Enter...\" name=\"s\"\/>\n        <i class=\"penciicon-magnifiying-glass\"><\/i>\n        <input type=\"submit\" class=\"searchsubmit penci-ele-btn\" value=\"Suche\"\/>\n    <\/div>\n<input type=\"hidden\" name=\"trp-form-language\" value=\"de\"\/><\/form>\n<\/aside><aside id=\"media_image-5\" class=\"widget widget_media_image\"><a href=\"https:\/\/vrpornbaron.com\/de\/beste-vr-porno-seiten\/\"><img fetchpriority=\"high\" decoding=\"async\" width=\"700\" height=\"900\" src=\"https:\/\/vrpornbaron.com\/wp-content\/uploads\/2023\/10\/The-VR-Porn-Baron.jpg\" class=\"image wp-image-8698  attachment-full size-full\" alt=\"\" style=\"max-width: 100%; height: auto;\" srcset=\"https:\/\/vrpornbaron.com\/wp-content\/uploads\/2023\/10\/The-VR-Porn-Baron.jpg 700w, https:\/\/vrpornbaron.com\/wp-content\/uploads\/2023\/10\/The-VR-Porn-Baron-233x300.jpg 233w, https:\/\/vrpornbaron.com\/wp-content\/uploads\/2023\/10\/The-VR-Porn-Baron-585x752.jpg 585w\" sizes=\"(max-width: 700px) 100vw, 700px\" \/><\/a><\/aside>            <\/div>\n        <\/div>\n\n\t\t\t\t\t\t<\/div>\n\t\t\t\t<\/div>\n\t\t\t\t\t<\/div>\n\t\t<\/div>\n\t\t\t\t\t<\/div>\n\t\t<\/section>\n\t\t\t\t<\/div>","protected":false},"excerpt":{"rendered":"<p>\u00dcber uns Liebe Besucherinnen und Besucher, gestatten Sie mir, Sie, gesch\u00e4tzte G\u00e4ste von The VR Porn, auf das Herzlichste zu gr\u00fc\u00dfen...<\/p>","protected":false},"author":1,"featured_media":0,"parent":0,"menu_order":0,"comment_status":"closed","ping_status":"closed","template":"page-fullwidth.php","meta":{"_lmt_disableupdate":"","_lmt_disable":"","footnotes":""},"class_list":["post-346","page","type-page","status-publish","hentry"],"yoast_head":"<!-- This site is optimized with the Yoast SEO plugin v26.9 - https:\/\/yoast.com\/product\/yoast-seo-wordpress\/ -->\n<title>About Us - The VR Porn Baron<\/title>\n<meta name=\"robots\" content=\"index, follow, max-snippet:-1, max-image-preview:large, max-video-preview:-1\" \/>\n<link rel=\"canonical\" href=\"https:\/\/vrpornbaron.com\/de\/uber-uns\/\" \/>\n<meta property=\"og:locale\" content=\"de_DE\" \/>\n<meta property=\"og:type\" content=\"article\" \/>\n<meta property=\"og:title\" content=\"About Us - The VR Porn Baron\" \/>\n<meta property=\"og:description\" content=\"About Us Dearest Visitors, Allow me to extend my most refined salutations to you, esteemed guests of The VR Porn&hellip;\" \/>\n<meta property=\"og:url\" content=\"https:\/\/vrpornbaron.com\/de\/uber-uns\/\" \/>\n<meta property=\"og:site_name\" content=\"The VR Porn Baron\" \/>\n<meta property=\"article:modified_time\" content=\"2023-10-22T19:33:04+00:00\" \/>\n<meta property=\"og:image\" content=\"https:\/\/vrpornbaron.com\/wp-content\/uploads\/2021\/06\/the-vr-porn-baron.png\" \/>\n\t<meta property=\"og:image:width\" content=\"200\" \/>\n\t<meta property=\"og:image:height\" content=\"200\" \/>\n\t<meta property=\"og:image:type\" content=\"image\/png\" \/>\n<meta name=\"twitter:card\" content=\"summary_large_image\" \/>\n<meta name=\"twitter:label1\" content=\"Gesch\u00e4tzte Lesezeit\" \/>\n\t<meta name=\"twitter:data1\" content=\"2\u00a0Minuten\" \/>\n<script type=\"application\/ld+json\" class=\"yoast-schema-graph\">{\"@context\":\"https:\/\/schema.org\",\"@graph\":[{\"@type\":\"WebPage\",\"@id\":\"https:\/\/vrpornbaron.com\/about-us\/\",\"url\":\"https:\/\/vrpornbaron.com\/about-us\/\",\"name\":\"About Us - The VR Porn Baron\",\"isPartOf\":{\"@id\":\"https:\/\/vrpornbaron.com\/#website\"},\"primaryImageOfPage\":{\"@id\":\"https:\/\/vrpornbaron.com\/about-us\/#primaryimage\"},\"image\":{\"@id\":\"https:\/\/vrpornbaron.com\/about-us\/#primaryimage\"},\"thumbnailUrl\":\"https:\/\/vrpornbaron.com\/wp-content\/uploads\/2021\/06\/the-vr-porn-baron.png\",\"datePublished\":\"2022-01-13T02:53:18+00:00\",\"dateModified\":\"2023-10-22T19:33:04+00:00\",\"breadcrumb\":{\"@id\":\"https:\/\/vrpornbaron.com\/about-us\/#breadcrumb\"},\"inLanguage\":\"de\",\"potentialAction\":[{\"@type\":\"ReadAction\",\"target\":[\"https:\/\/vrpornbaron.com\/about-us\/\"]}]},{\"@type\":\"ImageObject\",\"inLanguage\":\"de\",\"@id\":\"https:\/\/vrpornbaron.com\/about-us\/#primaryimage\",\"url\":\"https:\/\/vrpornbaron.com\/wp-content\/uploads\/2021\/06\/the-vr-porn-baron.png\",\"contentUrl\":\"https:\/\/vrpornbaron.com\/wp-content\/uploads\/2021\/06\/the-vr-porn-baron.png\"},{\"@type\":\"BreadcrumbList\",\"@id\":\"https:\/\/vrpornbaron.com\/about-us\/#breadcrumb\",\"itemListElement\":[{\"@type\":\"ListItem\",\"position\":1,\"name\":\"Home\",\"item\":\"https:\/\/vrpornbaron.com\/\"},{\"@type\":\"ListItem\",\"position\":2,\"name\":\"About Us\"}]},{\"@type\":\"WebSite\",\"@id\":\"https:\/\/vrpornbaron.com\/#website\",\"url\":\"https:\/\/vrpornbaron.com\/\",\"name\":\"The VR Porn Baron\",\"description\":\"Information from a Reliable Source\",\"publisher\":{\"@id\":\"https:\/\/vrpornbaron.com\/#organization\"},\"potentialAction\":[{\"@type\":\"SearchAction\",\"target\":{\"@type\":\"EntryPoint\",\"urlTemplate\":\"https:\/\/vrpornbaron.com\/?s={search_term_string}\"},\"query-input\":{\"@type\":\"PropertyValueSpecification\",\"valueRequired\":true,\"valueName\":\"search_term_string\"}}],\"inLanguage\":\"de\"},{\"@type\":\"Organization\",\"@id\":\"https:\/\/vrpornbaron.com\/#organization\",\"name\":\"The VR Porn Baron\",\"url\":\"https:\/\/vrpornbaron.com\/\",\"logo\":{\"@type\":\"ImageObject\",\"inLanguage\":\"de\",\"@id\":\"https:\/\/vrpornbaron.com\/#\/schema\/logo\/image\/\",\"url\":\"https:\/\/vrpornbaron.com\/wp-content\/uploads\/2025\/05\/VR-porn-Baron.jpg\",\"contentUrl\":\"https:\/\/vrpornbaron.com\/wp-content\/uploads\/2025\/05\/VR-porn-Baron.jpg\",\"width\":800,\"height\":400,\"caption\":\"The VR Porn Baron\"},\"image\":{\"@id\":\"https:\/\/vrpornbaron.com\/#\/schema\/logo\/image\/\"}}]}<\/script>\n<!-- \/ Yoast SEO plugin. -->","yoast_head_json":{"title":"\u00dcber uns - Der VR-Porno-Baron","robots":{"index":"index","follow":"follow","max-snippet":"max-snippet:-1","max-image-preview":"max-image-preview:large","max-video-preview":"max-video-preview:-1"},"canonical":"https:\/\/vrpornbaron.com\/de\/uber-uns\/","og_locale":"de_DE","og_type":"article","og_title":"About Us - The VR Porn Baron","og_description":"About Us Dearest Visitors, Allow me to extend my most refined salutations to you, esteemed guests of The VR Porn&hellip;","og_url":"https:\/\/vrpornbaron.com\/de\/uber-uns\/","og_site_name":"The VR Porn Baron","article_modified_time":"2023-10-22T19:33:04+00:00","og_image":[{"width":200,"height":200,"url":"https:\/\/vrpornbaron.com\/wp-content\/uploads\/2021\/06\/the-vr-porn-baron.png","type":"image\/png"}],"twitter_card":"summary_large_image","twitter_misc":{"Gesch\u00e4tzte Lesezeit":"2\u00a0Minuten"},"schema":{"@context":"https:\/\/schema.org","@graph":[{"@type":"WebPage","@id":"https:\/\/vrpornbaron.com\/about-us\/","url":"https:\/\/vrpornbaron.com\/about-us\/","name":"\u00dcber uns - Der VR-Porno-Baron","isPartOf":{"@id":"https:\/\/vrpornbaron.com\/#website"},"primaryImageOfPage":{"@id":"https:\/\/vrpornbaron.com\/about-us\/#primaryimage"},"image":{"@id":"https:\/\/vrpornbaron.com\/about-us\/#primaryimage"},"thumbnailUrl":"https:\/\/vrpornbaron.com\/wp-content\/uploads\/2021\/06\/the-vr-porn-baron.png","datePublished":"2022-01-13T02:53:18+00:00","dateModified":"2023-10-22T19:33:04+00:00","breadcrumb":{"@id":"https:\/\/vrpornbaron.com\/about-us\/#breadcrumb"},"inLanguage":"de","potentialAction":[{"@type":"ReadAction","target":["https:\/\/vrpornbaron.com\/about-us\/"]}]},{"@type":"ImageObject","inLanguage":"de","@id":"https:\/\/vrpornbaron.com\/about-us\/#primaryimage","url":"https:\/\/vrpornbaron.com\/wp-content\/uploads\/2021\/06\/the-vr-porn-baron.png","contentUrl":"https:\/\/vrpornbaron.com\/wp-content\/uploads\/2021\/06\/the-vr-porn-baron.png"},{"@type":"BreadcrumbList","@id":"https:\/\/vrpornbaron.com\/about-us\/#breadcrumb","itemListElement":[{"@type":"ListItem","position":1,"name":"Home","item":"https:\/\/vrpornbaron.com\/"},{"@type":"ListItem","position":2,"name":"About Us"}]},{"@type":"WebSite","@id":"https:\/\/vrpornbaron.com\/#website","url":"https:\/\/vrpornbaron.com\/","name":"Der VR-Porno-Baron","description":"Informationen aus einer verl\u00e4sslichen Quelle","publisher":{"@id":"https:\/\/vrpornbaron.com\/#organization"},"potentialAction":[{"@type":"SearchAction","target":{"@type":"EntryPoint","urlTemplate":"https:\/\/vrpornbaron.com\/?s={search_term_string}"},"query-input":{"@type":"PropertyValueSpecification","valueRequired":true,"valueName":"search_term_string"}}],"inLanguage":"de"},{"@type":"Organization","@id":"https:\/\/vrpornbaron.com\/#organization","name":"Der VR-Porno-Baron","url":"https:\/\/vrpornbaron.com\/","logo":{"@type":"ImageObject","inLanguage":"de","@id":"https:\/\/vrpornbaron.com\/#\/schema\/logo\/image\/","url":"https:\/\/vrpornbaron.com\/wp-content\/uploads\/2025\/05\/VR-porn-Baron.jpg","contentUrl":"https:\/\/vrpornbaron.com\/wp-content\/uploads\/2025\/05\/VR-porn-Baron.jpg","width":800,"height":400,"caption":"The VR Porn Baron"},"image":{"@id":"https:\/\/vrpornbaron.com\/#\/schema\/logo\/image\/"}}]}},"_links":{"self":[{"href":"https:\/\/vrpornbaron.com\/de\/wp-json\/wp\/v2\/pages\/346","targetHints":{"allow":["GET"]}}],"collection":[{"href":"https:\/\/vrpornbaron.com\/de\/wp-json\/wp\/v2\/pages"}],"about":[{"href":"https:\/\/vrpornbaron.com\/de\/wp-json\/wp\/v2\/types\/page"}],"author":[{"embeddable":true,"href":"https:\/\/vrpornbaron.com\/de\/wp-json\/wp\/v2\/users\/1"}],"replies":[{"embeddable":true,"href":"https:\/\/vrpornbaron.com\/de\/wp-json\/wp\/v2\/comments?post=346"}],"version-history":[{"count":5,"href":"https:\/\/vrpornbaron.com\/de\/wp-json\/wp\/v2\/pages\/346\/revisions"}],"predecessor-version":[{"id":8559,"href":"https:\/\/vrpornbaron.com\/de\/wp-json\/wp\/v2\/pages\/346\/revisions\/8559"}],"wp:attachment":[{"href":"https:\/\/vrpornbaron.com\/de\/wp-json\/wp\/v2\/media?parent=346"}],"curies":[{"name":"wp","href":"https:\/\/api.w.org\/{rel}","templated":true}]}}